{"id":4569,"date":"2025-09-02T14:45:11","date_gmt":"2025-09-02T19:45:11","guid":{"rendered":"https:\/\/consultoriojuridicovirtual.ufpso.edu.co\/?page_id=4569"},"modified":"2025-09-03T15:27:32","modified_gmt":"2025-09-03T20:27:32","slug":"consultorio-juridico-purpura-2","status":"publish","type":"page","link":"https:\/\/consultoriojuridicovirtual.ufpso.edu.co\/?page_id=4569","title":{"rendered":"CONSULTORIO JUR\u00cdDICO P\u00daRPURA"},"content":{"rendered":"\n<p>El <strong>Consultorio Jur\u00eddico P\u00farpura<\/strong> es una iniciativa acad\u00e9mica y social que busca ofrecer <strong>asesor\u00eda legal gratuita<\/strong>, <strong>acompa\u00f1amiento psicosocial<\/strong> y educaci\u00f3n legal con un enfoque en el respeto por los derechos humanos, la <strong>equidad de g\u00e9nero<\/strong> y el <strong>acceso a la justicia<\/strong> para poblaciones en situaciones de vulnerabilidad<\/p>\n\n\n\n<figure class=\"wp-block-image\"><img loading=\"lazy\" decoding=\"async\" width=\"1920\" height=\"1080\" src=\"https:\/\/consultoriojuridicovirtual.ufpso.edu.co\/wp-content\/uploads\/2025\/09\/Presentacion-de-Concienciacion-Sobre-TDAH-Trastorno-por-Deficit-de-Atencion-e-Hiperactividad-Divertido-Illustrado-Lila-y-Crema-3.png\" alt=\"\" class=\"wp-image-4518\" srcset=\"https:\/\/consultoriojuridicovirtual.ufpso.edu.co\/wp-content\/uploads\/2025\/09\/Presentacion-de-Concienciacion-Sobre-TDAH-Trastorno-por-Deficit-de-Atencion-e-Hiperactividad-Divertido-Illustrado-Lila-y-Crema-3.png 1920w, https:\/\/consultoriojuridicovirtual.ufpso.edu.co\/wp-content\/uploads\/2025\/09\/Presentacion-de-Concienciacion-Sobre-TDAH-Trastorno-por-Deficit-de-Atencion-e-Hiperactividad-Divertido-Illustrado-Lila-y-Crema-3-300x169.png 300w, https:\/\/consultoriojuridicovirtual.ufpso.edu.co\/wp-content\/uploads\/2025\/09\/Presentacion-de-Concienciacion-Sobre-TDAH-Trastorno-por-Deficit-de-Atencion-e-Hiperactividad-Divertido-Illustrado-Lila-y-Crema-3-1024x576.png 1024w, https:\/\/consultoriojuridicovirtual.ufpso.edu.co\/wp-content\/uploads\/2025\/09\/Presentacion-de-Concienciacion-Sobre-TDAH-Trastorno-por-Deficit-de-Atencion-e-Hiperactividad-Divertido-Illustrado-Lila-y-Crema-3-768x432.png 768w, https:\/\/consultoriojuridicovirtual.ufpso.edu.co\/wp-content\/uploads\/2025\/09\/Presentacion-de-Concienciacion-Sobre-TDAH-Trastorno-por-Deficit-de-Atencion-e-Hiperactividad-Divertido-Illustrado-Lila-y-Crema-3-1536x864.png 1536w\" sizes=\"auto, (max-width: 1920px) 100vw, 1920px\" \/><\/figure>\n\n\n\n<p><\/p>\n","protected":false},"excerpt":{"rendered":"<p>El Consultorio Jur\u00eddico P\u00farpura es una iniciativa acad\u00e9mica y social que busca ofrecer asesor\u00eda legal gratuita, acompa\u00f1amiento psicosocial y educaci\u00f3n legal con un enfoque en el respeto por los derechos humanos, la equidad de g\u00e9nero y el acceso a la justicia para poblaciones en situaciones de vulnerabilidad<\/p>\n","protected":false},"author":1,"featured_media":0,"parent":3892,"menu_order":0,"comment_status":"closed","ping_status":"closed","template":"","meta":{"neve_meta_sidebar":"","neve_meta_container":"","neve_meta_enable_content_width":"","neve_meta_content_width":0,"neve_meta_title_alignment":"","neve_meta_author_avatar":"","neve_post_elements_order":"","neve_meta_disable_header":"","neve_meta_disable_footer":"","neve_meta_disable_title":"","footnotes":""},"class_list":["post-4569","page","type-page","status-publish","hentry"],"_links":{"self":[{"href":"https:\/\/consultoriojuridicovirtual.ufpso.edu.co\/index.php?rest_route=\/wp\/v2\/pages\/4569","targetHints":{"allow":["GET"]}}],"collection":[{"href":"https:\/\/consultoriojuridicovirtual.ufpso.edu.co\/index.php?rest_route=\/wp\/v2\/pages"}],"about":[{"href":"https:\/\/consultoriojuridicovirtual.ufpso.edu.co\/index.php?rest_route=\/wp\/v2\/types\/page"}],"author":[{"embeddable":true,"href":"https:\/\/consultoriojuridicovirtual.ufpso.edu.co\/index.php?rest_route=\/wp\/v2\/users\/1"}],"replies":[{"embeddable":true,"href":"https:\/\/consultoriojuridicovirtual.ufpso.edu.co\/index.php?rest_route=%2Fwp%2Fv2%2Fcomments&post=4569"}],"version-history":[{"count":5,"href":"https:\/\/consultoriojuridicovirtual.ufpso.edu.co\/index.php?rest_route=\/wp\/v2\/pages\/4569\/revisions"}],"predecessor-version":[{"id":4596,"href":"https:\/\/consultoriojuridicovirtual.ufpso.edu.co\/index.php?rest_route=\/wp\/v2\/pages\/4569\/revisions\/4596"}],"up":[{"embeddable":true,"href":"https:\/\/consultoriojuridicovirtual.ufpso.edu.co\/index.php?rest_route=\/wp\/v2\/pages\/3892"}],"wp:attachment":[{"href":"https:\/\/consultoriojuridicovirtual.ufpso.edu.co\/index.php?rest_route=%2Fwp%2Fv2%2Fmedia&parent=4569"}],"curies":[{"name":"wp","href":"https:\/\/api.w.org\/{rel}","templated":true}]}}