{"id":4107,"date":"2022-09-30T20:46:59","date_gmt":"2022-09-30T20:46:59","guid":{"rendered":"https:\/\/callcenterjuridico.ufpso.edu.co\/?page_id=4107"},"modified":"2025-09-02T15:03:52","modified_gmt":"2025-09-02T20:03:52","slug":"asesores","status":"publish","type":"page","link":"https:\/\/consultoriojuridicovirtual.ufpso.edu.co\/?page_id=4107","title":{"rendered":"Directora, Coordinadoras y Asesores"},"content":{"rendered":"\n<hr class=\"wp-block-separator has-alpha-channel-opacity\"\/>\n\n\n\n<div class=\"wp-block-media-text alignwide is-stacked-on-mobile is-vertically-aligned-top\" style=\"grid-template-columns:15% auto\"><figure class=\"wp-block-media-text__media\"><img loading=\"lazy\" decoding=\"async\" width=\"413\" height=\"551\" src=\"https:\/\/callcenterjuridico.ufpso.edu.co\/wp-content\/uploads\/2025\/02\/c2e719d9-671f-4724-a5f9-e687a18093bc.jpeg\" alt=\"\" class=\"wp-image-4396 size-thumbnail\" srcset=\"https:\/\/consultoriojuridicovirtual.ufpso.edu.co\/wp-content\/uploads\/2025\/02\/c2e719d9-671f-4724-a5f9-e687a18093bc.jpeg 413w, https:\/\/consultoriojuridicovirtual.ufpso.edu.co\/wp-content\/uploads\/2025\/02\/c2e719d9-671f-4724-a5f9-e687a18093bc-225x300.jpeg 225w\" sizes=\"auto, (max-width: 413px) 100vw, 413px\" \/><\/figure><div class=\"wp-block-media-text__content\">\n<p><strong>M\u00d3NICA DEL PILAR VERGEL CLAVIJO.<\/strong><br>Abogada.<br>Especialista en Derechos Humanos.<br>Coordinadora de Convenios.<\/p>\n<\/div><\/div>\n\n\n\n<hr class=\"wp-block-separator has-alpha-channel-opacity\"\/>\n\n\n\n<div class=\"wp-block-media-text alignwide is-stacked-on-mobile is-vertically-aligned-top\" style=\"grid-template-columns:15% auto\"><figure class=\"wp-block-media-text__media\"><img loading=\"lazy\" decoding=\"async\" width=\"842\" height=\"1024\" src=\"https:\/\/callcenterjuridico.ufpso.edu.co\/wp-content\/uploads\/2025\/02\/33dedf7c-84fe-4db1-b905-db7e80859d9f-842x1024.jpeg\" alt=\"\" class=\"wp-image-4397 size-thumbnail\" srcset=\"https:\/\/consultoriojuridicovirtual.ufpso.edu.co\/wp-content\/uploads\/2025\/02\/33dedf7c-84fe-4db1-b905-db7e80859d9f-842x1024.jpeg 842w, https:\/\/consultoriojuridicovirtual.ufpso.edu.co\/wp-content\/uploads\/2025\/02\/33dedf7c-84fe-4db1-b905-db7e80859d9f-247x300.jpeg 247w, https:\/\/consultoriojuridicovirtual.ufpso.edu.co\/wp-content\/uploads\/2025\/02\/33dedf7c-84fe-4db1-b905-db7e80859d9f-768x934.jpeg 768w, https:\/\/consultoriojuridicovirtual.ufpso.edu.co\/wp-content\/uploads\/2025\/02\/33dedf7c-84fe-4db1-b905-db7e80859d9f.jpeg 1052w\" sizes=\"auto, (max-width: 842px) 100vw, 842px\" \/><\/figure><div class=\"wp-block-media-text__content\">\n<p><strong>LEONELA  TORRADO SEP\u00daLVEDA.<\/strong><br>Abogada.<br>Conciliadora en Derecho.<br>Coordinadora Administrativa.<\/p>\n<\/div><\/div>\n\n\n\n<hr class=\"wp-block-separator has-alpha-channel-opacity is-style-default\"\/>\n\n\n\n<div class=\"wp-block-media-text alignwide is-stacked-on-mobile is-vertically-aligned-top\" style=\"grid-template-columns:15% auto\"><figure class=\"wp-block-media-text__media\"><img loading=\"lazy\" decoding=\"async\" width=\"768\" height=\"1024\" src=\"https:\/\/callcenterjuridico.ufpso.edu.co\/wp-content\/uploads\/2025\/02\/29817c63-923d-4646-afad-3980581c0199-768x1024.jpeg\" alt=\"\" class=\"wp-image-4398 size-thumbnail\" srcset=\"https:\/\/consultoriojuridicovirtual.ufpso.edu.co\/wp-content\/uploads\/2025\/02\/29817c63-923d-4646-afad-3980581c0199-768x1024.jpeg 768w, https:\/\/consultoriojuridicovirtual.ufpso.edu.co\/wp-content\/uploads\/2025\/02\/29817c63-923d-4646-afad-3980581c0199-225x300.jpeg 225w, https:\/\/consultoriojuridicovirtual.ufpso.edu.co\/wp-content\/uploads\/2025\/02\/29817c63-923d-4646-afad-3980581c0199.jpeg 900w\" sizes=\"auto, (max-width: 768px) 100vw, 768px\" \/><\/figure><div class=\"wp-block-media-text__content\">\n<p><strong>FERNANDA LILIANA COCA MEDINA.<\/strong><br>Abogada.<br>Especialista en Derecho constitucional y en Derecho Penal.<br>Magister en Derecho con profundizaci\u00f3n en Derecho Penal.<br>Asesora en el \u00c1rea de Derecho Penal \u2013 Jornada diurna.<\/p>\n<\/div><\/div>\n\n\n\n<hr class=\"wp-block-separator has-alpha-channel-opacity\"\/>\n\n\n\n<div class=\"wp-block-group alignwide\"><div class=\"wp-block-group__inner-container is-layout-constrained wp-block-group-is-layout-constrained\">\n<div class=\"wp-block-media-text alignwide is-stacked-on-mobile is-vertically-aligned-bottom\" style=\"grid-template-columns:15% auto\"><figure class=\"wp-block-media-text__media\"><img loading=\"lazy\" decoding=\"async\" width=\"682\" height=\"1024\" src=\"https:\/\/callcenterjuridico.ufpso.edu.co\/wp-content\/uploads\/2025\/02\/8a86d5eb-2a85-4e84-9c5c-26313c359cdf-682x1024.jpeg\" alt=\"\" class=\"wp-image-4399 size-thumbnail\" srcset=\"https:\/\/consultoriojuridicovirtual.ufpso.edu.co\/wp-content\/uploads\/2025\/02\/8a86d5eb-2a85-4e84-9c5c-26313c359cdf-682x1024.jpeg 682w, https:\/\/consultoriojuridicovirtual.ufpso.edu.co\/wp-content\/uploads\/2025\/02\/8a86d5eb-2a85-4e84-9c5c-26313c359cdf-200x300.jpeg 200w, https:\/\/consultoriojuridicovirtual.ufpso.edu.co\/wp-content\/uploads\/2025\/02\/8a86d5eb-2a85-4e84-9c5c-26313c359cdf-768x1152.jpeg 768w, https:\/\/consultoriojuridicovirtual.ufpso.edu.co\/wp-content\/uploads\/2025\/02\/8a86d5eb-2a85-4e84-9c5c-26313c359cdf.jpeg 853w\" sizes=\"auto, (max-width: 682px) 100vw, 682px\" \/><\/figure><div class=\"wp-block-media-text__content\">\n<p class=\"has-text-align-left\"><strong>BEATRIZ CATALINA TRIGOS CASTELLANOS<\/strong>.<br>Abogada.<br>Especialista en Derecho P\u00fablico.<br>Conciliadora en Derecho.<br>Asesora en el \u00c1rea de Derecho P\u00fablico.<\/p>\n<\/div><\/div>\n<\/div><\/div>\n\n\n\n<hr class=\"wp-block-separator has-alpha-channel-opacity\"\/>\n\n\n\n<div class=\"wp-block-media-text alignwide is-stacked-on-mobile is-vertically-aligned-top\" style=\"grid-template-columns:16% auto\"><figure class=\"wp-block-media-text__media\"><img loading=\"lazy\" decoding=\"async\" width=\"591\" height=\"787\" src=\"https:\/\/callcenterjuridico.ufpso.edu.co\/wp-content\/uploads\/2025\/02\/0badc6af-d938-48cb-a962-ea3f2e44d5d0.jpeg\" alt=\"\" class=\"wp-image-4404 size-thumbnail\" srcset=\"https:\/\/consultoriojuridicovirtual.ufpso.edu.co\/wp-content\/uploads\/2025\/02\/0badc6af-d938-48cb-a962-ea3f2e44d5d0.jpeg 591w, https:\/\/consultoriojuridicovirtual.ufpso.edu.co\/wp-content\/uploads\/2025\/02\/0badc6af-d938-48cb-a962-ea3f2e44d5d0-225x300.jpeg 225w\" sizes=\"auto, (max-width: 591px) 100vw, 591px\" \/><\/figure><div class=\"wp-block-media-text__content\">\n<p><strong>CINDY CAMILA FLOR\u00c9Z <\/strong><\/p>\n\n\n\n<p>Abogada.<br>Especialista en Derecho Laboral <br>Especialista en Seguridad Social<br>Magister en Derechos Humanos y Democratizaci\u00f3n<br>Asesora en el \u00c1rea de Derecho Laboral.<\/p>\n<\/div><\/div>\n\n\n\n<hr class=\"wp-block-separator has-alpha-channel-opacity\"\/>\n\n\n\n<div class=\"wp-block-media-text alignwide is-stacked-on-mobile is-vertically-aligned-top\" style=\"grid-template-columns:16% auto\"><figure class=\"wp-block-media-text__media\"><img loading=\"lazy\" decoding=\"async\" width=\"413\" height=\"551\" src=\"https:\/\/callcenterjuridico.ufpso.edu.co\/wp-content\/uploads\/2022\/11\/WhatsApp-Image-2022-10-25-at-2.39.45-PM-1.jpeg\" alt=\"\" class=\"wp-image-4187 size-thumbnail\" srcset=\"https:\/\/consultoriojuridicovirtual.ufpso.edu.co\/wp-content\/uploads\/2022\/11\/WhatsApp-Image-2022-10-25-at-2.39.45-PM-1.jpeg 413w, https:\/\/consultoriojuridicovirtual.ufpso.edu.co\/wp-content\/uploads\/2022\/11\/WhatsApp-Image-2022-10-25-at-2.39.45-PM-1-225x300.jpeg 225w\" sizes=\"auto, (max-width: 413px) 100vw, 413px\" \/><\/figure><div class=\"wp-block-media-text__content\">\n<div class=\"wp-block-group\"><div class=\"wp-block-group__inner-container is-layout-constrained wp-block-group-is-layout-constrained\">\n<p><strong>CATALINA SARMIENTO TRIGOS.<\/strong><br>Abogada.<br>Especialista en Derecho de Familia. <br>Magister en Derecho.<br>Asesora en el \u00c1rea de Derecho Civil- Familia.<\/p>\n<\/div><\/div>\n<\/div><\/div>\n\n\n\n<hr class=\"wp-block-separator has-alpha-channel-opacity\"\/>\n\n\n\n<div class=\"wp-block-media-text alignwide is-stacked-on-mobile is-vertically-aligned-top\" style=\"grid-template-columns:15% auto\"><figure class=\"wp-block-media-text__media\"><img loading=\"lazy\" decoding=\"async\" width=\"383\" height=\"360\" src=\"https:\/\/callcenterjuridico.ufpso.edu.co\/wp-content\/uploads\/2022\/11\/1.png\" alt=\"\" class=\"wp-image-4259 size-thumbnail\" srcset=\"https:\/\/consultoriojuridicovirtual.ufpso.edu.co\/wp-content\/uploads\/2022\/11\/1.png 383w, https:\/\/consultoriojuridicovirtual.ufpso.edu.co\/wp-content\/uploads\/2022\/11\/1-300x282.png 300w\" sizes=\"auto, (max-width: 383px) 100vw, 383px\" \/><\/figure><div class=\"wp-block-media-text__content\">\n<p><strong>FREDY ALONSO QUINTERO JAIME.<\/strong><br>Abogado.<br>Doctor en Derecho y Ciencias Pol\u00edticas.<br>Asesor en el \u00c1rea de Derecho Civil &#8211; Jornada diurna.<\/p>\n<\/div><\/div>\n\n\n\n<hr class=\"wp-block-separator has-alpha-channel-opacity\"\/>\n\n\n\n<div class=\"wp-block-media-text alignwide is-stacked-on-mobile is-vertically-aligned-top\" style=\"grid-template-columns:15% auto\"><figure class=\"wp-block-media-text__media\"><img loading=\"lazy\" decoding=\"async\" width=\"817\" height=\"1024\" src=\"https:\/\/callcenterjuridico.ufpso.edu.co\/wp-content\/uploads\/2022\/11\/WhatsApp-Image-2022-10-12-at-3.19.06-PM-1-817x1024.jpeg\" alt=\"\" class=\"wp-image-4182 size-thumbnail\" srcset=\"https:\/\/consultoriojuridicovirtual.ufpso.edu.co\/wp-content\/uploads\/2022\/11\/WhatsApp-Image-2022-10-12-at-3.19.06-PM-1-817x1024.jpeg 817w, https:\/\/consultoriojuridicovirtual.ufpso.edu.co\/wp-content\/uploads\/2022\/11\/WhatsApp-Image-2022-10-12-at-3.19.06-PM-1-239x300.jpeg 239w, https:\/\/consultoriojuridicovirtual.ufpso.edu.co\/wp-content\/uploads\/2022\/11\/WhatsApp-Image-2022-10-12-at-3.19.06-PM-1-768x962.jpeg 768w, https:\/\/consultoriojuridicovirtual.ufpso.edu.co\/wp-content\/uploads\/2022\/11\/WhatsApp-Image-2022-10-12-at-3.19.06-PM-1.jpeg 1135w\" sizes=\"auto, (max-width: 817px) 100vw, 817px\" \/><\/figure><div class=\"wp-block-media-text__content\">\n<p><strong>JORGE DAVID ANGARITA SANJUAN<\/strong><br>Abogado.<br>Especialista en Derecho Financiero y Burs\u00e1til.<br>Magister en Justicia y Tutela de los Derechos con \u00e9nfasis en<br>Derecho Procesal<br>Asesor en el \u00c1rea de Derecho Civil \u2013 Jornada nocturna.<\/p>\n<\/div><\/div>\n\n\n\n<hr class=\"wp-block-separator has-alpha-channel-opacity\"\/>\n\n\n\n<div class=\"wp-block-media-text alignwide is-stacked-on-mobile is-vertically-aligned-top\" style=\"grid-template-columns:15% auto\"><figure class=\"wp-block-media-text__media\"><img loading=\"lazy\" decoding=\"async\" width=\"803\" height=\"1024\" src=\"https:\/\/callcenterjuridico.ufpso.edu.co\/wp-content\/uploads\/2025\/02\/a11e1c84-fa4b-47b4-b73c-45754c95f126-2-803x1024.jpeg\" alt=\"\" class=\"wp-image-4410 size-thumbnail\" srcset=\"https:\/\/consultoriojuridicovirtual.ufpso.edu.co\/wp-content\/uploads\/2025\/02\/a11e1c84-fa4b-47b4-b73c-45754c95f126-2-803x1024.jpeg 803w, https:\/\/consultoriojuridicovirtual.ufpso.edu.co\/wp-content\/uploads\/2025\/02\/a11e1c84-fa4b-47b4-b73c-45754c95f126-2-235x300.jpeg 235w, https:\/\/consultoriojuridicovirtual.ufpso.edu.co\/wp-content\/uploads\/2025\/02\/a11e1c84-fa4b-47b4-b73c-45754c95f126-2-768x979.jpeg 768w, https:\/\/consultoriojuridicovirtual.ufpso.edu.co\/wp-content\/uploads\/2025\/02\/a11e1c84-fa4b-47b4-b73c-45754c95f126-2.jpeg 839w\" sizes=\"auto, (max-width: 803px) 100vw, 803px\" \/><\/figure><div class=\"wp-block-media-text__content\">\n<div class=\"wp-block-group\"><div class=\"wp-block-group__inner-container is-layout-constrained wp-block-group-is-layout-constrained\">\n<p><strong>MARIA PAULA AR\u00c9VALO TORRADO.<\/strong><br>Abogada.<br>Magister en Derecho con profundizaci\u00f3n en Derecho P\u00fablico.<br>Asesora en el \u00c1rea de Derecho P\u00fablico.<\/p>\n<\/div><\/div>\n<\/div><\/div>\n\n\n\n<hr class=\"wp-block-separator has-alpha-channel-opacity\"\/>\n\n\n\n<div class=\"wp-block-media-text alignwide is-stacked-on-mobile is-vertically-aligned-top\" style=\"grid-template-columns:15% auto\"><figure class=\"wp-block-media-text__media\"><img loading=\"lazy\" decoding=\"async\" width=\"354\" height=\"472\" src=\"https:\/\/callcenterjuridico.ufpso.edu.co\/wp-content\/uploads\/2022\/11\/WhatsApp-Image-2022-10-12-at-3.19.06-PM-2.jpeg\" alt=\"\" class=\"wp-image-4192 size-thumbnail\" srcset=\"https:\/\/consultoriojuridicovirtual.ufpso.edu.co\/wp-content\/uploads\/2022\/11\/WhatsApp-Image-2022-10-12-at-3.19.06-PM-2.jpeg 354w, https:\/\/consultoriojuridicovirtual.ufpso.edu.co\/wp-content\/uploads\/2022\/11\/WhatsApp-Image-2022-10-12-at-3.19.06-PM-2-225x300.jpeg 225w\" sizes=\"auto, (max-width: 354px) 100vw, 354px\" \/><\/figure><div class=\"wp-block-media-text__content\">\n<div class=\"wp-block-group\"><div class=\"wp-block-group__inner-container is-layout-constrained wp-block-group-is-layout-constrained\">\n<p><strong>AIDRED TORCOROMA BOHORQUEZ RINC\u00d3N.<\/strong><br>Abogada.<br>Especialista en Derecho Financiero.<br>Especialista en Derecho a la Empresa.<br>Especialista en Derecho Comercial. <br>Conciliadora en Derecho.<\/p>\n<\/div><\/div>\n<\/div><\/div>\n\n\n\n<p><\/p>\n","protected":false},"excerpt":{"rendered":"<p>M\u00d3NICA DEL PILAR VERGEL CLAVIJO.Abogada.Especialista en Derechos Humanos.Coordinadora de Convenios. LEONELA TORRADO SEP\u00daLVEDA.Abogada.Conciliadora en Derecho.Coordinadora Administrativa. FERNANDA LILIANA COCA MEDINA.Abogada.Especialista en Derecho constitucional y en Derecho Penal.Magister en Derecho con profundizaci\u00f3n en Derecho Penal.Asesora en el \u00c1rea de Derecho Penal \u2013 Jornada diurna. BEATRIZ CATALINA TRIGOS CASTELLANOS.Abogada.Especialista en Derecho P\u00fablico.Conciliadora en Derecho.Asesora en el \u00c1rea&hellip;&nbsp;<a href=\"https:\/\/consultoriojuridicovirtual.ufpso.edu.co\/?page_id=4107\" class=\"\" rel=\"bookmark\">Leer m\u00e1s &raquo;<span class=\"screen-reader-text\">Directora, Coordinadoras y Asesores<\/span><\/a><\/p>\n","protected":false},"author":1,"featured_media":4397,"parent":0,"menu_order":0,"comment_status":"closed","ping_status":"closed","template":"","meta":{"neve_meta_sidebar":"full-width","neve_meta_container":"","neve_meta_enable_content_width":"on","neve_meta_content_width":100,"neve_meta_title_alignment":"","neve_meta_author_avatar":"","neve_post_elements_order":"","neve_meta_disable_header":"","neve_meta_disable_footer":"","neve_meta_disable_title":"","footnotes":""},"class_list":["post-4107","page","type-page","status-publish","has-post-thumbnail","hentry"],"_links":{"self":[{"href":"https:\/\/consultoriojuridicovirtual.ufpso.edu.co\/index.php?rest_route=\/wp\/v2\/pages\/4107","targetHints":{"allow":["GET"]}}],"collection":[{"href":"https:\/\/consultoriojuridicovirtual.ufpso.edu.co\/index.php?rest_route=\/wp\/v2\/pages"}],"about":[{"href":"https:\/\/consultoriojuridicovirtual.ufpso.edu.co\/index.php?rest_route=\/wp\/v2\/types\/page"}],"author":[{"embeddable":true,"href":"https:\/\/consultoriojuridicovirtual.ufpso.edu.co\/index.php?rest_route=\/wp\/v2\/users\/1"}],"replies":[{"embeddable":true,"href":"https:\/\/consultoriojuridicovirtual.ufpso.edu.co\/index.php?rest_route=%2Fwp%2Fv2%2Fcomments&post=4107"}],"version-history":[{"count":58,"href":"https:\/\/consultoriojuridicovirtual.ufpso.edu.co\/index.php?rest_route=\/wp\/v2\/pages\/4107\/revisions"}],"predecessor-version":[{"id":4582,"href":"https:\/\/consultoriojuridicovirtual.ufpso.edu.co\/index.php?rest_route=\/wp\/v2\/pages\/4107\/revisions\/4582"}],"wp:featuredmedia":[{"embeddable":true,"href":"https:\/\/consultoriojuridicovirtual.ufpso.edu.co\/index.php?rest_route=\/wp\/v2\/media\/4397"}],"wp:attachment":[{"href":"https:\/\/consultoriojuridicovirtual.ufpso.edu.co\/index.php?rest_route=%2Fwp%2Fv2%2Fmedia&parent=4107"}],"curies":[{"name":"wp","href":"https:\/\/api.w.org\/{rel}","templated":true}]}}