{"id":4047,"date":"2022-09-08T16:46:46","date_gmt":"2022-09-08T16:46:46","guid":{"rendered":"https:\/\/callcenterjuridico.ufpso.edu.co\/?page_id=4047"},"modified":"2022-12-15T15:55:06","modified_gmt":"2022-12-15T15:55:06","slug":"proceso-de-declaracion-de-pertenencia","status":"publish","type":"page","link":"https:\/\/consultoriojuridicovirtual.ufpso.edu.co\/?page_id=4047","title":{"rendered":"Proceso de declaraci\u00f3n de pertenencia"},"content":{"rendered":"\n<p>Son aquellos que interpone una persona que posea un bien con \u00e1nimo de se\u00f1or y due\u00f1o, durante el tiempo establecido en la ley, para que un Juez de la Rep\u00fablica lo declare propietario del inmueble a usucapir.<\/p>\n","protected":false},"excerpt":{"rendered":"<p>Son aquellos que interpone una persona que posea un bien con \u00e1nimo de se\u00f1or y due\u00f1o, durante el tiempo establecido en la ley, para que un Juez de la Rep\u00fablica lo declare propietario del inmueble a usucapir.<\/p>\n","protected":false},"author":1,"featured_media":0,"parent":0,"menu_order":0,"comment_status":"closed","ping_status":"closed","template":"","meta":{"neve_meta_sidebar":"full-width","neve_meta_container":"","neve_meta_enable_content_width":"on","neve_meta_content_width":100,"neve_meta_title_alignment":"","neve_meta_author_avatar":"","neve_post_elements_order":"","neve_meta_disable_header":"","neve_meta_disable_footer":"","neve_meta_disable_title":"","footnotes":""},"class_list":["post-4047","page","type-page","status-publish","hentry"],"_links":{"self":[{"href":"https:\/\/consultoriojuridicovirtual.ufpso.edu.co\/index.php?rest_route=\/wp\/v2\/pages\/4047","targetHints":{"allow":["GET"]}}],"collection":[{"href":"https:\/\/consultoriojuridicovirtual.ufpso.edu.co\/index.php?rest_route=\/wp\/v2\/pages"}],"about":[{"href":"https:\/\/consultoriojuridicovirtual.ufpso.edu.co\/index.php?rest_route=\/wp\/v2\/types\/page"}],"author":[{"embeddable":true,"href":"https:\/\/consultoriojuridicovirtual.ufpso.edu.co\/index.php?rest_route=\/wp\/v2\/users\/1"}],"replies":[{"embeddable":true,"href":"https:\/\/consultoriojuridicovirtual.ufpso.edu.co\/index.php?rest_route=%2Fwp%2Fv2%2Fcomments&post=4047"}],"version-history":[{"count":3,"href":"https:\/\/consultoriojuridicovirtual.ufpso.edu.co\/index.php?rest_route=\/wp\/v2\/pages\/4047\/revisions"}],"predecessor-version":[{"id":4351,"href":"https:\/\/consultoriojuridicovirtual.ufpso.edu.co\/index.php?rest_route=\/wp\/v2\/pages\/4047\/revisions\/4351"}],"wp:attachment":[{"href":"https:\/\/consultoriojuridicovirtual.ufpso.edu.co\/index.php?rest_route=%2Fwp%2Fv2%2Fmedia&parent=4047"}],"curies":[{"name":"wp","href":"https:\/\/api.w.org\/{rel}","templated":true}]}}