{"id":4041,"date":"2022-09-08T16:46:06","date_gmt":"2022-09-08T16:46:06","guid":{"rendered":"https:\/\/callcenterjuridico.ufpso.edu.co\/?page_id=4041"},"modified":"2022-12-15T15:54:44","modified_gmt":"2022-12-15T15:54:44","slug":"representante-de-victimas","status":"publish","type":"page","link":"https:\/\/consultoriojuridicovirtual.ufpso.edu.co\/?page_id=4041","title":{"rendered":"Representante de v\u00edctimas"},"content":{"rendered":"\n<p>En el ejercicio de esta representaci\u00f3n, se tiene la capacidad para interponer recursos de reposici\u00f3n, apelaci\u00f3n, formular nulidades,<br>derechos de petici\u00f3n, acciones de tutela e incidentes de desacato, solicitar medidas cautelares e iniciar el incidente de reparaci\u00f3n integral. Tambi\u00e9n se asiste en el  acompa\u00f1amiento de las conciliaciones extrajudiciales ante la Fiscal\u00eda General de la Naci\u00f3n o ante el Centro de Conciliaci\u00f3n, en los casos que conozcan los jueces penales municipales y los fiscales locales del circuito judicial de Oca\u00f1a, tramitados bajo el procedimiento ordinario o el procedimiento abreviado.<\/p>\n","protected":false},"excerpt":{"rendered":"<p>En el ejercicio de esta representaci\u00f3n, se tiene la capacidad para interponer recursos de reposici\u00f3n, apelaci\u00f3n, formular nulidades,derechos de petici\u00f3n, acciones de tutela e incidentes de desacato, solicitar medidas cautelares e iniciar el incidente de reparaci\u00f3n integral. Tambi\u00e9n se asiste en el acompa\u00f1amiento de las conciliaciones extrajudiciales ante la Fiscal\u00eda General de la Naci\u00f3n o&hellip;&nbsp;<a href=\"https:\/\/consultoriojuridicovirtual.ufpso.edu.co\/?page_id=4041\" class=\"\" rel=\"bookmark\">Leer m\u00e1s &raquo;<span class=\"screen-reader-text\">Representante de v\u00edctimas<\/span><\/a><\/p>\n","protected":false},"author":1,"featured_media":0,"parent":0,"menu_order":0,"comment_status":"closed","ping_status":"closed","template":"","meta":{"neve_meta_sidebar":"full-width","neve_meta_container":"","neve_meta_enable_content_width":"on","neve_meta_content_width":100,"neve_meta_title_alignment":"","neve_meta_author_avatar":"","neve_post_elements_order":"","neve_meta_disable_header":"","neve_meta_disable_footer":"","neve_meta_disable_title":"","footnotes":""},"class_list":["post-4041","page","type-page","status-publish","hentry"],"_links":{"self":[{"href":"https:\/\/consultoriojuridicovirtual.ufpso.edu.co\/index.php?rest_route=\/wp\/v2\/pages\/4041","targetHints":{"allow":["GET"]}}],"collection":[{"href":"https:\/\/consultoriojuridicovirtual.ufpso.edu.co\/index.php?rest_route=\/wp\/v2\/pages"}],"about":[{"href":"https:\/\/consultoriojuridicovirtual.ufpso.edu.co\/index.php?rest_route=\/wp\/v2\/types\/page"}],"author":[{"embeddable":true,"href":"https:\/\/consultoriojuridicovirtual.ufpso.edu.co\/index.php?rest_route=\/wp\/v2\/users\/1"}],"replies":[{"embeddable":true,"href":"https:\/\/consultoriojuridicovirtual.ufpso.edu.co\/index.php?rest_route=%2Fwp%2Fv2%2Fcomments&post=4041"}],"version-history":[{"count":3,"href":"https:\/\/consultoriojuridicovirtual.ufpso.edu.co\/index.php?rest_route=\/wp\/v2\/pages\/4041\/revisions"}],"predecessor-version":[{"id":4350,"href":"https:\/\/consultoriojuridicovirtual.ufpso.edu.co\/index.php?rest_route=\/wp\/v2\/pages\/4041\/revisions\/4350"}],"wp:attachment":[{"href":"https:\/\/consultoriojuridicovirtual.ufpso.edu.co\/index.php?rest_route=%2Fwp%2Fv2%2Fmedia&parent=4041"}],"curies":[{"name":"wp","href":"https:\/\/api.w.org\/{rel}","templated":true}]}}