{"id":4014,"date":"2022-09-08T16:30:51","date_gmt":"2022-09-08T16:30:51","guid":{"rendered":"https:\/\/callcenterjuridico.ufpso.edu.co\/?page_id=4014"},"modified":"2022-12-15T15:41:04","modified_gmt":"2022-12-15T15:41:04","slug":"accion-de-tutela","status":"publish","type":"page","link":"https:\/\/consultoriojuridicovirtual.ufpso.edu.co\/?page_id=4014","title":{"rendered":"Acci\u00f3n de tutela"},"content":{"rendered":"\n<p><\/p>\n\n\n\n<p class=\"has-text-align-center\">Consultorio Jur\u00eddico presta el servicio de acci\u00f3n de tutela especialmente en materia de salud como son acceso a gastos de traslados, atenci\u00f3n integral, entrega de medicamentos o programaci\u00f3n de procedimientos, y por violaci\u00f3n al derecho de petici\u00f3n. <\/p>\n","protected":false},"excerpt":{"rendered":"<p>Consultorio Jur\u00eddico presta el servicio de acci\u00f3n de tutela especialmente en materia de salud como son acceso a gastos de traslados, atenci\u00f3n integral, entrega de medicamentos o programaci\u00f3n de procedimientos, y por violaci\u00f3n al derecho de petici\u00f3n.<\/p>\n","protected":false},"author":1,"featured_media":0,"parent":0,"menu_order":0,"comment_status":"closed","ping_status":"closed","template":"","meta":{"neve_meta_sidebar":"full-width","neve_meta_container":"full-width","neve_meta_enable_content_width":"on","neve_meta_content_width":100,"neve_meta_title_alignment":"center","neve_meta_author_avatar":"","neve_post_elements_order":"","neve_meta_disable_header":"","neve_meta_disable_footer":"","neve_meta_disable_title":"","footnotes":""},"class_list":["post-4014","page","type-page","status-publish","hentry"],"_links":{"self":[{"href":"https:\/\/consultoriojuridicovirtual.ufpso.edu.co\/index.php?rest_route=\/wp\/v2\/pages\/4014","targetHints":{"allow":["GET"]}}],"collection":[{"href":"https:\/\/consultoriojuridicovirtual.ufpso.edu.co\/index.php?rest_route=\/wp\/v2\/pages"}],"about":[{"href":"https:\/\/consultoriojuridicovirtual.ufpso.edu.co\/index.php?rest_route=\/wp\/v2\/types\/page"}],"author":[{"embeddable":true,"href":"https:\/\/consultoriojuridicovirtual.ufpso.edu.co\/index.php?rest_route=\/wp\/v2\/users\/1"}],"replies":[{"embeddable":true,"href":"https:\/\/consultoriojuridicovirtual.ufpso.edu.co\/index.php?rest_route=%2Fwp%2Fv2%2Fcomments&post=4014"}],"version-history":[{"count":2,"href":"https:\/\/consultoriojuridicovirtual.ufpso.edu.co\/index.php?rest_route=\/wp\/v2\/pages\/4014\/revisions"}],"predecessor-version":[{"id":4333,"href":"https:\/\/consultoriojuridicovirtual.ufpso.edu.co\/index.php?rest_route=\/wp\/v2\/pages\/4014\/revisions\/4333"}],"wp:attachment":[{"href":"https:\/\/consultoriojuridicovirtual.ufpso.edu.co\/index.php?rest_route=%2Fwp%2Fv2%2Fmedia&parent=4014"}],"curies":[{"name":"wp","href":"https:\/\/api.w.org\/{rel}","templated":true}]}}