{"id":3898,"date":"2020-01-27T08:05:29","date_gmt":"2020-01-27T08:05:29","guid":{"rendered":"https:\/\/demosites.io\/web-agency-gb\/?page_id=69"},"modified":"2022-12-15T15:43:38","modified_gmt":"2022-12-15T15:43:38","slug":"15c42-web-agency-gb-portfolio","status":"publish","type":"page","link":"https:\/\/consultoriojuridicovirtual.ufpso.edu.co\/?page_id=3898","title":{"rendered":"SERVICIOS"},"content":{"rendered":"\n<div class=\"wp-block-cover alignfull is-light\" style=\"min-height:300px;aspect-ratio:unset;\"><span aria-hidden=\"true\" class=\"wp-block-cover__background has-nv-site-bg-background-color has-background-dim\"><\/span><img loading=\"lazy\" decoding=\"async\" width=\"2560\" height=\"1709\" class=\"wp-block-cover__image-background wp-image-4197\" alt=\"\" src=\"https:\/\/callcenterjuridico.ufpso.edu.co\/wp-content\/uploads\/2022\/11\/111111-scaled.jpg\" style=\"object-position:30% 31%\" data-object-fit=\"cover\" data-object-position=\"30% 31%\" srcset=\"https:\/\/consultoriojuridicovirtual.ufpso.edu.co\/wp-content\/uploads\/2022\/11\/111111-scaled.jpg 2560w, https:\/\/consultoriojuridicovirtual.ufpso.edu.co\/wp-content\/uploads\/2022\/11\/111111-300x200.jpg 300w, https:\/\/consultoriojuridicovirtual.ufpso.edu.co\/wp-content\/uploads\/2022\/11\/111111-1024x684.jpg 1024w, https:\/\/consultoriojuridicovirtual.ufpso.edu.co\/wp-content\/uploads\/2022\/11\/111111-768x513.jpg 768w, https:\/\/consultoriojuridicovirtual.ufpso.edu.co\/wp-content\/uploads\/2022\/11\/111111-1536x1025.jpg 1536w, https:\/\/consultoriojuridicovirtual.ufpso.edu.co\/wp-content\/uploads\/2022\/11\/111111-2048x1367.jpg 2048w, https:\/\/consultoriojuridicovirtual.ufpso.edu.co\/wp-content\/uploads\/2022\/11\/111111-930x620.jpg 930w\" sizes=\"auto, (max-width: 2560px) 100vw, 2560px\" \/><div class=\"wp-block-cover__inner-container is-layout-flow wp-block-cover-is-layout-flow\">\n<div class=\"wp-block-group\"><div class=\"wp-block-group__inner-container is-layout-flow wp-block-group-is-layout-flow\">\n<h4 class=\"has-text-align-left has-neve-text-color-color has-text-color wp-block-heading\">Acceda a los diversos servicios que el Consultorio Jur\u00eddico de la Universidad Francisco de Paula Santander Oca\u00f1a tiene disponibles.<\/h4>\n<\/div><\/div>\n<\/div><\/div>\n\n\n\n<div style=\"height:36px\" aria-hidden=\"true\" class=\"wp-block-spacer\"><\/div>\n\n\n\n<div class=\"wp-block-cover alignfull\" style=\"min-height:1181px;aspect-ratio:unset;\"><span aria-hidden=\"true\" class=\"wp-block-cover__background has-nv-site-bg-background-color has-background-dim-100 has-background-dim\"><\/span><div class=\"wp-block-cover__inner-container is-layout-flow wp-block-cover-is-layout-flow\">\n<h3 class=\"has-text-align-left has-neve-text-color-color has-text-color wp-block-heading\">DERECHO P\u00daBLICO <\/h3>\n\n\n\n<div class=\"wp-block-group\"><div class=\"wp-block-group__inner-container is-layout-flow wp-block-group-is-layout-flow\">\n<p class=\"has-text-align-left has-neve-text-color-color has-text-color\">Desde el \u00e1rea de derecho p\u00fablico nos encargamos de promover las acciones constitucionales que permitan el ejercicio de defensa y protecci\u00f3n de derechos fundamentales que se encuentren en riesgo o en vulneraci\u00f3n, sean individuales o colectivos, agotando el tr\u00e1mite desde su presentaci\u00f3n e impugnaci\u00f3n, como tr\u00e1mites incidentales por el desacato de las \u00f3rdenes dadas. As\u00ed mismo, que se garantice el acceso a las entidades p\u00fablicas a trav\u00e9s de la promoci\u00f3n del derecho de petici\u00f3n y presentaci\u00f3n de recursos correspondientes y agotamiento de recursos en sede administrativa. En ese mismo sentido, y desde el \u00e1rea de defensa judicial, actuamos como defensores de oficio dentro de los procesos disciplinarios que sean asignados, teniendo convenio con el Batall\u00f3n Santander y con la Procuradur\u00eda Provincial de Oca\u00f1a. <\/p>\n\n\n\n<hr class=\"wp-block-separator has-text-color has-neve-text-color-color has-alpha-channel-opacity has-neve-text-color-background-color has-background is-style-wide\"\/>\n<\/div><\/div>\n\n\n\n<div class=\"wp-block-group\"><div class=\"wp-block-group__inner-container is-layout-flow wp-block-group-is-layout-flow\">\n<h3 class=\"has-neve-text-color-color has-text-color wp-block-heading\">DERECHO PENAL<\/h3>\n\n\n\n<p class=\"has-neve-text-color-color has-text-color\">Asesorar y ejercer representaci\u00f3n judicial en procesos penales, bien sea como representantes de v\u00edctimas o abogados defensores, en los casos que conozcan los jueces penales municipales y los fiscales locales del circuito judicial de Oca\u00f1a. En el ejercicio de esta representaci\u00f3n, se tiene la capacidad para interponer recursos de reposici\u00f3n, apelaci\u00f3n, formular nulidades, derechos de petici\u00f3n, acciones de tutela e incidentes de desacato. Tambi\u00e9n se asiste en la defensa y acompa\u00f1amiento de las conciliaciones<br>extrajudiciales ante la Fiscal\u00eda General de la Naci\u00f3n o ante el Centro de Conciliaci\u00f3n, en los procesos penales tramitados bajo el procedimiento ordinario o el procedimiento abreviado.<\/p>\n\n\n\n<hr class=\"wp-block-separator has-text-color has-neve-text-color-color has-alpha-channel-opacity has-neve-text-color-background-color has-background is-style-wide\"\/>\n\n\n\n<h3 class=\"has-neve-text-color-color has-text-color wp-block-heading\">DERECHO LABORAL <\/h3>\n\n\n\n<p class=\"has-neve-text-color-color has-text-color\">El Derecho Laboral es una rama del derecho, relativamente reciente, que regula toda actividad humana donde una de las partes (trabajador o empleado) pone su fuerza de trabajo al servicio de otra llamada empleadora, dicha actividad puede ser realizada<br>manualmente o a trav\u00e9s de m\u00e1quinas, y puede ser material o intelectual. Esta rama del derecho est\u00e1 \u00edntimamente relacionada con otra rama del derecho como lo es, la Seguridad Social, como quiera que esta \u00faltima regula todo lo relacionado con los subsistemas de pensiones, salud y riesgos laborales, a los cuales debe ser afiliado todo trabajador, para que cubra las contingencias que se puedan presentar dentro de la relaci\u00f3n laboral.<\/p>\n\n\n\n<hr class=\"wp-block-separator has-text-color has-neve-text-color-color has-alpha-channel-opacity has-neve-text-color-background-color has-background is-style-wide\"\/>\n\n\n\n<h3 class=\"has-text-align-left has-neve-text-color-color has-text-color wp-block-heading\">DERECHO CIVIL <\/h3>\n\n\n\n<p class=\"has-neve-text-color-color has-text-color\">La actividad en los asuntos civiles aplica a la atenci\u00f3n de las personas que, por virtud de la competencia por raz\u00f3n de la cuant\u00eda, acuden a asesor\u00edas jur\u00eddicas, reclamaci\u00f3n y\/o defensa de sus derechos, especialmente en asuntos que tienen que ver con procesos<br>declarativos entre los que se destacan, a manera de ejemplo, los relacionados con resoluci\u00f3n de compraventa, declaraci\u00f3n de pertenencia, posesorios, restituci\u00f3n de inmueble arrendado, procesos de ejecuci\u00f3n, asuntos que -se reitera- son los de mayor<br>demanda por el usuario.<\/p>\n\n\n\n<hr class=\"wp-block-separator has-text-color has-neve-text-color-color has-alpha-channel-opacity has-neve-text-color-background-color has-background is-style-wide\"\/>\n\n\n\n<h3 class=\"has-neve-text-color-color has-text-color wp-block-heading\">\u00c1REA DE FAMILIA<\/h3>\n\n\n\n<div style=\"height:0px\" aria-hidden=\"true\" class=\"wp-block-spacer\"><\/div>\n\n\n\n<p class=\"has-neve-text-color-color has-text-color\">El Derecho de Familia en Colombia se traduce en la forma de solucionar aquellos conflictos generados dentro del n\u00facleo fundamental de la sociedad como es la familia. En ellos, previo a agotar el requisito de procedibilidad (Conciliaci\u00f3n), se traslada la<br>competencia a los Jueces de Familia quienes son los encargados de dirimir las dificultades surgidas entre los miembros de la familia. Es sumamente importante resaltar que en Colombia los derechos de los ni\u00f1os prevalecen sobre los derechos de los dem\u00e1s,<br>siendo un mandato constitucional y por ello nuestros ni\u00f1os, ni\u00f1as y adolescentes deben ser protegidos por el Estado a trav\u00e9s de la ley.<br>Se pueden tramitar procesos ante los Jueces Promiscuos de Familia de Oca\u00f1a, en los cuales nuestros estudiantes fungen como apoderados judiciales de los usuarios:<\/p>\n\n\n\n<ol class=\"has-neve-text-color-color has-text-color wp-block-list\">\n<li>Proceso de alimentos<\/li>\n\n\n\n<li>Proceso de custodia y cuidado personal<\/li>\n\n\n\n<li>Proceso de R\u00e9gimen de visitas<\/li>\n\n\n\n<li>Proceso de privaci\u00f3n de la patria potestad<\/li>\n\n\n\n<li>Proceso ejecutivo de alimentos.<\/li>\n<\/ol>\n\n\n\n<p class=\"has-neve-text-color-color has-text-color\"><strong>Ahora bien, se asesora jur\u00eddicamente en los siguientes temas:<\/strong><\/p>\n\n\n\n<ol class=\"has-neve-text-color-color has-text-color wp-block-list\">\n<li>Declaraci\u00f3n de la uni\u00f3n marital de hecho<\/li>\n\n\n\n<li>Liquidaci\u00f3n de la sociedad patrimonial<\/li>\n\n\n\n<li>Proceso de divorcio y liquidaci\u00f3n de la sociedad conyugal<\/li>\n\n\n\n<li>Sucesiones<\/li>\n\n\n\n<li>Autorizaci\u00f3n de la salida del pa\u00eds de un menor de edad<\/li>\n\n\n\n<li>Tr\u00e1mite de audiencia de conciliaci\u00f3n procesal y extraprocesal<\/li>\n\n\n\n<li>Privaci\u00f3n o suspensi\u00f3n de la patria potestad<\/li>\n\n\n\n<li>Proceso de alimentos<\/li>\n\n\n\n<li>Proceso de custodia y cuidado personal<\/li>\n\n\n\n<li>Proceso de R\u00e9gimen de visitas<\/li>\n\n\n\n<li>Proceso ejecutivo de alimentos<\/li>\n\n\n\n<li>Filiaci\u00f3n<\/li>\n\n\n\n<li>Investigaci\u00f3n de la paternidad<\/li>\n\n\n\n<li>Impugnaci\u00f3n de la paternidad<\/li>\n\n\n\n<li>Nulidad del registro civil de nacimiento<\/li>\n<\/ol>\n\n\n\n<hr class=\"wp-block-separator has-text-color has-neve-text-color-color has-alpha-channel-opacity has-neve-text-color-background-color has-background is-style-wide\"\/>\n\n\n\n<h3 class=\"has-neve-text-color-color has-text-color wp-block-heading\">CENTRO DE CONCILIACI\u00d3N  <\/h3>\n\n\n\n<p class=\"has-neve-text-color-color has-text-color\">El Centro de Conciliaci\u00f3n de nuestra alma mater, podemos identificarlo como un centro de entrenamiento jur\u00eddico, en el cual los estudiantes afianzan sus conocimientos, respecto de los Mecanismos Alternativos de Soluci\u00f3n de Conflictos, as\u00ed como, adquieren la<br>experiencia en su formaci\u00f3n profesional. Un estudiante en pr\u00e1ctica dentro del Centro de conciliaci\u00f3n, ofrece un servicio m\u00e1s<br>inmediato, \u00e1gil y gratuito, que le permite a nuestros usuarios, acceder a una justicia conciliadora, encontrando resultados oportunos.<br>El centro de conciliaci\u00f3n de nuestra Universidad, permite al estudiante trabajar en las \u00e1reas de son conciliables respecto de la cuant\u00eda y el conflicto jur\u00eddico como tal, vale resaltar que, respecto de la cuant\u00eda, los consultorios jur\u00eddicos tienen un par\u00e1metro m\u00e1ximo<br>de control que son cuarenta (40) salarios m\u00ednimos legales mensuales. Para acceder a los servicios del centro de conciliaci\u00f3n, nuestros usuarios deber\u00e1n presentar su solicitud de conciliaci\u00f3n de manera verbal o escrita y esta ser\u00e1 asignada a uno de nuestros estudiantes, quien deber\u00e1 realizar el documento y presentar la solicitud de conciliaci\u00f3n ante la direcci\u00f3n del centro de conciliaci\u00f3n. Para que dicha solicitud sea aceptada, debe cumplir los requisitos para esta clase de servicios gratuitos; es decir, que la persona sea de escasos recursos econ\u00f3micos, que el conflicto jur\u00eddico no excede de la cuant\u00eda de cuarenta (40) salarios m\u00ednimos legales vigentes, y que, por la naturaleza de del conflicto jur\u00eddico, sea de competencia del centro de conciliaci\u00f3n de nuestra Facultad.<\/p>\n<\/div><\/div>\n<\/div><\/div>\n\n\n\n<div class=\"wp-block-cover alignfull\" style=\"min-height:485px;aspect-ratio:unset;\"><span aria-hidden=\"true\" class=\"wp-block-cover__background has-nv-dark-bg-background-color has-background-dim-100 has-background-dim\"><\/span><div class=\"wp-block-cover__inner-container is-layout-flow wp-block-cover-is-layout-flow\">\n<div class=\"wp-block-group\"><div class=\"wp-block-group__inner-container is-layout-flow wp-block-group-is-layout-flow\">\n<h6 class=\"has-text-align-center has-nv-site-bg-color has-text-color has-small-font-size wp-block-heading\"><strong>Instituci\u00f3n de Educaci\u00f3n Superior sujeta a inspecci\u00f3n y vigilancia por el Ministerio de Educaci\u00f3n Nacional<\/strong><br><strong>Universidad Francisco de Paula Santander Oca\u00f1a, Norte de Santander \u2013 Colombia<\/strong><\/h6>\n\n\n\n<p class=\"has-text-align-center has-text-color has-small-font-size\" style=\"color:#fefefe\">Sede El Algodonal V\u00eda Acolsure, Oca\u00f1a-Norte de Santander-Colombia<br>Sede Escuela de Artes Calle 10 No 13-64, Oca\u00f1a-Norte de Santander-Colombia<br>Sede La Primavera, Av. Francisco Fern\u00e1ndez de Contreras Oca\u00f1a-Norte de Santander-Colombia<br>Horario de atenci\u00f3n: Lunes a Viernes 7:00 a.m. a 12:00 m. y de 2:00 p.m a 5:00 p.m. C\u00f3digo Postal: 546552<br>PBX: (607)(5) 690088,&nbsp;Fuera de Oca\u00f1a: 01-8000-121022<br>E-mail:&nbsp;<a href=\"mailto:atencionalciudadano@ufpso.edu.co\">atencionalciudadano@ufpso.edu.co<\/a>&nbsp;\u2013&nbsp;<a href=\"mailto:notificacionesjudiciales@ufpso.edu.co\">notificacionesjudiciales@ufpso.edu.co<\/a><br>\u00a9 2022.<\/p>\n<\/div><\/div>\n<\/div><\/div>\n\n\n\n<p><\/p>\n","protected":false},"excerpt":{"rendered":"","protected":false},"author":1,"featured_media":0,"parent":0,"menu_order":0,"comment_status":"closed","ping_status":"closed","template":"","meta":{"neve_meta_sidebar":"default","neve_meta_container":"contained","neve_meta_enable_content_width":"on","neve_meta_content_width":100,"neve_meta_title_alignment":"center","neve_meta_author_avatar":"","neve_post_elements_order":"","neve_meta_disable_header":"","neve_meta_disable_footer":"","neve_meta_disable_title":"on","footnotes":""},"class_list":["post-3898","page","type-page","status-publish","hentry"],"_links":{"self":[{"href":"https:\/\/consultoriojuridicovirtual.ufpso.edu.co\/index.php?rest_route=\/wp\/v2\/pages\/3898","targetHints":{"allow":["GET"]}}],"collection":[{"href":"https:\/\/consultoriojuridicovirtual.ufpso.edu.co\/index.php?rest_route=\/wp\/v2\/pages"}],"about":[{"href":"https:\/\/consultoriojuridicovirtual.ufpso.edu.co\/index.php?rest_route=\/wp\/v2\/types\/page"}],"author":[{"embeddable":true,"href":"https:\/\/consultoriojuridicovirtual.ufpso.edu.co\/index.php?rest_route=\/wp\/v2\/users\/1"}],"replies":[{"embeddable":true,"href":"https:\/\/consultoriojuridicovirtual.ufpso.edu.co\/index.php?rest_route=%2Fwp%2Fv2%2Fcomments&post=3898"}],"version-history":[{"count":16,"href":"https:\/\/consultoriojuridicovirtual.ufpso.edu.co\/index.php?rest_route=\/wp\/v2\/pages\/3898\/revisions"}],"predecessor-version":[{"id":4335,"href":"https:\/\/consultoriojuridicovirtual.ufpso.edu.co\/index.php?rest_route=\/wp\/v2\/pages\/3898\/revisions\/4335"}],"wp:attachment":[{"href":"https:\/\/consultoriojuridicovirtual.ufpso.edu.co\/index.php?rest_route=%2Fwp%2Fv2%2Fmedia&parent=3898"}],"curies":[{"name":"wp","href":"https:\/\/api.w.org\/{rel}","templated":true}]}}