{"id":3896,"date":"2020-01-23T18:21:52","date_gmt":"2020-01-23T18:21:52","guid":{"rendered":"https:\/\/demosites.io\/web-agency-gb\/?page_id=61"},"modified":"2025-03-17T10:31:17","modified_gmt":"2025-03-17T15:31:17","slug":"15c42-web-agency-gb-about-us","status":"publish","type":"page","link":"https:\/\/consultoriojuridicovirtual.ufpso.edu.co\/?page_id=3896","title":{"rendered":"\u00bfQUIENES SOMOS?"},"content":{"rendered":"\n<div class=\"wp-block-cover alignfull is-light\" style=\"min-height:332px;aspect-ratio:unset;\"><span aria-hidden=\"true\" class=\"wp-block-cover__background has-nv-site-bg-background-color has-background-dim\"><\/span><img loading=\"lazy\" decoding=\"async\" width=\"2560\" height=\"1709\" class=\"wp-block-cover__image-background wp-image-4202\" alt=\"\" src=\"https:\/\/callcenterjuridico.ufpso.edu.co\/wp-content\/uploads\/2022\/11\/111111-1-scaled.jpg\" style=\"object-position:31% 32%\" data-object-fit=\"cover\" data-object-position=\"31% 32%\" srcset=\"https:\/\/consultoriojuridicovirtual.ufpso.edu.co\/wp-content\/uploads\/2022\/11\/111111-1-scaled.jpg 2560w, https:\/\/consultoriojuridicovirtual.ufpso.edu.co\/wp-content\/uploads\/2022\/11\/111111-1-300x200.jpg 300w, https:\/\/consultoriojuridicovirtual.ufpso.edu.co\/wp-content\/uploads\/2022\/11\/111111-1-1024x684.jpg 1024w, https:\/\/consultoriojuridicovirtual.ufpso.edu.co\/wp-content\/uploads\/2022\/11\/111111-1-768x513.jpg 768w, https:\/\/consultoriojuridicovirtual.ufpso.edu.co\/wp-content\/uploads\/2022\/11\/111111-1-1536x1025.jpg 1536w, https:\/\/consultoriojuridicovirtual.ufpso.edu.co\/wp-content\/uploads\/2022\/11\/111111-1-2048x1367.jpg 2048w, https:\/\/consultoriojuridicovirtual.ufpso.edu.co\/wp-content\/uploads\/2022\/11\/111111-1-930x620.jpg 930w\" sizes=\"auto, (max-width: 2560px) 100vw, 2560px\" \/><div class=\"wp-block-cover__inner-container is-layout-flow wp-block-cover-is-layout-flow\">\n<div class=\"wp-block-group\"><div class=\"wp-block-group__inner-container is-layout-flow wp-block-group-is-layout-flow\">\n<p><\/p>\n\n\n\n<h1 class=\"wp-block-heading has-text-align-left has-text-color\" style=\"color:#ff5517\">\u00bfQui\u00e9nes somos?<\/h1>\n<\/div><\/div>\n<\/div><\/div>\n\n\n\n<div class=\"wp-block-cover alignfull\" style=\"min-height:699px;aspect-ratio:unset;\"><span aria-hidden=\"true\" class=\"wp-block-cover__background has-nv-light-bg-background-color has-background-dim-100 has-background-dim\"><\/span><div class=\"wp-block-cover__inner-container is-layout-flow wp-block-cover-is-layout-flow\">\n<h2 class=\"wp-block-heading has-text-align-center has-text-color\" style=\"color:#ff5517\">Historia<\/h2>\n\n\n\n<h2 class=\"wp-block-heading has-neve-text-color-color has-text-color\"><\/h2>\n\n\n\n<p class=\"has-text-align-center has-neve-text-color-color has-text-color\">El Consultorio Jur\u00eddico virtual del Consultorio Jur\u00eddico de la Facultad de Educaci\u00f3n, Artes y Humanidades de la Universidad fue creado como una estrategia que permita dar una pronta y eficaz soluci\u00f3n a las diversas problem\u00e1ticas que puedan presentarse a los ciudadanos haciendo uso de las tecnolog\u00edas que permiten una cercan\u00eda con los usuarios, adem\u00e1s de facilitar los procesos y asesor\u00edas de car\u00e1cter legal sin salir de casa.<\/p>\n\n\n\n<p class=\"has-text-align-center has-neve-text-color-color has-text-color\">Lo anterior, teniendo en cuenta las medidas que fueron dispuestas por el Gobierno Nacional de cuidados frente al virus del COVID-19, dejando as\u00ed como resultado este producto del Consultorio Jur\u00eddico para el municipio de Oca\u00f1a el cual podr\u00e1 disfrutar de un portafolio virtual de servicios que est\u00e1n dirigidos a hacer efectivos los derechos de acceso a la justicia protegidos por el ordenamiento jur\u00eddico colombiano y la Conversi\u00f3n Americana de Derechos Humanos.<\/p>\n\n\n\n<div class=\"wp-block-group\"><div class=\"wp-block-group__inner-container is-layout-flow wp-block-group-is-layout-flow\">\n<div style=\"height:80px\" aria-hidden=\"true\" class=\"wp-block-spacer\"><\/div>\n\n\n\n<div style=\"height:40px\" aria-hidden=\"true\" class=\"wp-block-spacer\"><\/div>\n<\/div><\/div>\n<\/div><\/div>\n\n\n\n<div class=\"wp-block-cover alignfull\" style=\"min-height:413px;aspect-ratio:unset;\"><span aria-hidden=\"true\" class=\"wp-block-cover__background has-nv-dark-bg-background-color has-background-dim-100 has-background-dim\"><\/span><div class=\"wp-block-cover__inner-container is-layout-flow wp-block-cover-is-layout-flow\">\n<div class=\"wp-block-group\"><div class=\"wp-block-group__inner-container is-layout-flow wp-block-group-is-layout-flow\">\n<h6 class=\"wp-block-heading has-text-align-center has-nv-site-bg-color has-text-color has-small-font-size\"><strong>Instituci\u00f3n de Educaci\u00f3n Superior sujeta a inspecci\u00f3n y vigilancia por el Ministerio de Educaci\u00f3n Nacional<\/strong><br><strong>Universidad Francisco de Paula Santander Oca\u00f1a, Norte de Santander \u2013 Colombia<\/strong><\/h6>\n\n\n\n<p class=\"has-text-align-center has-nv-site-bg-color has-text-color has-small-font-size\">Sede El Algodonal V\u00eda Acolsure, Oca\u00f1a-Norte de Santander-Colombia<br>Sede Escuela de Artes Calle 10 No 13-64, Oca\u00f1a-Norte de Santander-Colombia<br>Sede La Primavera, Av. Francisco Fern\u00e1ndez de Contreras Oca\u00f1a-Norte de Santander-Colombia<br>Horario de atenci\u00f3n: Lunes a Viernes 7:00 a.m. a 12:00 m. y de 2:00 p.m a 5:00 p.m. C\u00f3digo Postal: 546552<br>PBX: (607)(5) 690088,&nbsp;Fuera de Oca\u00f1a: 01-8000-121022<br>E-mail:&nbsp;<a href=\"mailto:atencionalciudadano@ufpso.edu.co\">atencionalciudadano@ufpso.edu.co<\/a>&nbsp;\u2013&nbsp;<a href=\"mailto:notificacionesjudiciales@ufpso.edu.co\">notificacionesjudiciales@ufpso.edu.co<\/a><br>\u00a9 2022.<\/p>\n<\/div><\/div>\n\n\n\n<div class=\"wp-block-buttons is-layout-flex wp-block-buttons-is-layout-flex\"><\/div>\n<\/div><\/div>\n","protected":false},"excerpt":{"rendered":"","protected":false},"author":1,"featured_media":0,"parent":0,"menu_order":0,"comment_status":"closed","ping_status":"closed","template":"","meta":{"neve_meta_sidebar":"default","neve_meta_container":"default","neve_meta_enable_content_width":"on","neve_meta_content_width":100,"neve_meta_title_alignment":"","neve_meta_author_avatar":"","neve_post_elements_order":"","neve_meta_disable_header":"","neve_meta_disable_footer":"","neve_meta_disable_title":"on","footnotes":""},"class_list":["post-3896","page","type-page","status-publish","hentry"],"_links":{"self":[{"href":"https:\/\/consultoriojuridicovirtual.ufpso.edu.co\/index.php?rest_route=\/wp\/v2\/pages\/3896","targetHints":{"allow":["GET"]}}],"collection":[{"href":"https:\/\/consultoriojuridicovirtual.ufpso.edu.co\/index.php?rest_route=\/wp\/v2\/pages"}],"about":[{"href":"https:\/\/consultoriojuridicovirtual.ufpso.edu.co\/index.php?rest_route=\/wp\/v2\/types\/page"}],"author":[{"embeddable":true,"href":"https:\/\/consultoriojuridicovirtual.ufpso.edu.co\/index.php?rest_route=\/wp\/v2\/users\/1"}],"replies":[{"embeddable":true,"href":"https:\/\/consultoriojuridicovirtual.ufpso.edu.co\/index.php?rest_route=%2Fwp%2Fv2%2Fcomments&post=3896"}],"version-history":[{"count":30,"href":"https:\/\/consultoriojuridicovirtual.ufpso.edu.co\/index.php?rest_route=\/wp\/v2\/pages\/3896\/revisions"}],"predecessor-version":[{"id":4425,"href":"https:\/\/consultoriojuridicovirtual.ufpso.edu.co\/index.php?rest_route=\/wp\/v2\/pages\/3896\/revisions\/4425"}],"wp:attachment":[{"href":"https:\/\/consultoriojuridicovirtual.ufpso.edu.co\/index.php?rest_route=%2Fwp%2Fv2%2Fmedia&parent=3896"}],"curies":[{"name":"wp","href":"https:\/\/api.w.org\/{rel}","templated":true}]}}