{"id":3892,"date":"2020-01-13T11:17:52","date_gmt":"2020-01-13T11:17:52","guid":{"rendered":"https:\/\/demosites.io\/web-agency-gb\/?page_id=5"},"modified":"2025-03-17T10:44:20","modified_gmt":"2025-03-17T15:44:20","slug":"15c42-web-agency-gb-home","status":"publish","type":"page","link":"https:\/\/consultoriojuridicovirtual.ufpso.edu.co\/","title":{"rendered":"Inicio"},"content":{"rendered":"\n<div class=\"wp-block-cover alignfull is-light\" style=\"min-height:700px;aspect-ratio:unset;\"><span aria-hidden=\"true\" class=\"wp-block-cover__background has-background-dim-40 has-background-dim\"><\/span><img loading=\"lazy\" decoding=\"async\" width=\"2560\" height=\"1707\" class=\"wp-block-cover__image-background wp-image-4194\" alt=\"\" src=\"https:\/\/callcenterjuridico.ufpso.edu.co\/wp-content\/uploads\/2022\/11\/CONCULTORIO-scaled.jpg\" style=\"object-position:52% 2%\" data-object-fit=\"cover\" data-object-position=\"52% 2%\" srcset=\"https:\/\/consultoriojuridicovirtual.ufpso.edu.co\/wp-content\/uploads\/2022\/11\/CONCULTORIO-scaled.jpg 2560w, https:\/\/consultoriojuridicovirtual.ufpso.edu.co\/wp-content\/uploads\/2022\/11\/CONCULTORIO-300x200.jpg 300w, https:\/\/consultoriojuridicovirtual.ufpso.edu.co\/wp-content\/uploads\/2022\/11\/CONCULTORIO-1024x683.jpg 1024w, https:\/\/consultoriojuridicovirtual.ufpso.edu.co\/wp-content\/uploads\/2022\/11\/CONCULTORIO-768x512.jpg 768w, https:\/\/consultoriojuridicovirtual.ufpso.edu.co\/wp-content\/uploads\/2022\/11\/CONCULTORIO-1536x1024.jpg 1536w, https:\/\/consultoriojuridicovirtual.ufpso.edu.co\/wp-content\/uploads\/2022\/11\/CONCULTORIO-2048x1365.jpg 2048w, https:\/\/consultoriojuridicovirtual.ufpso.edu.co\/wp-content\/uploads\/2022\/11\/CONCULTORIO-930x620.jpg 930w\" sizes=\"auto, (max-width: 2560px) 100vw, 2560px\" \/><div class=\"wp-block-cover__inner-container is-layout-flow wp-block-cover-is-layout-flow\">\n<div style=\"height:80px\" aria-hidden=\"true\" class=\"wp-block-spacer\"><\/div>\n\n\n\n<h1 class=\"wp-block-heading has-text-align-center has-nv-site-bg-color has-text-color\">CONSULTORIO JUR\u00cdDICO VIRTUAL<\/h1>\n\n\n\n<p class=\"has-text-align-center has-nv-site-bg-color has-text-color\" style=\"font-size:17px\"><strong>Universidad Francisco de Paula Santander Seccional Oca\u00f1a <\/strong>.<\/p>\n\n\n\n<div class=\"wp-block-buttons is-horizontal is-content-justification-center is-layout-flex wp-container-core-buttons-is-layout-1 wp-block-buttons-is-layout-flex\">\n<div class=\"wp-block-button has-custom-width wp-block-button__width-25 has-custom-font-size is-style-primary has-small-font-size\"><a class=\"wp-block-button__link has-nv-site-bg-color has-luminous-vivid-orange-to-vivid-red-gradient-background has-text-color has-background wp-element-button\" href=\"https:\/\/consultoriojuridicovirtual.ufpso.edu.co\/?page_id=3898\" style=\"border-radius:0px\">SERVICIOS<\/a><\/div>\n\n\n\n<div class=\"wp-block-button has-custom-width wp-block-button__width-25 has-custom-font-size is-style-primary has-small-font-size\"><a class=\"wp-block-button__link has-nv-site-bg-color has-luminous-vivid-orange-to-vivid-red-gradient-background has-text-color has-background wp-element-button\" href=\"https:\/\/consultoriojuridicovirtual.ufpso.edu.co\/?page_id=3896\" style=\"border-radius:0px\">\u00bfQUI\u00c9NES SOMOS?<\/a><\/div>\n<\/div>\n\n\n\n<div style=\"height:80px\" aria-hidden=\"true\" class=\"wp-block-spacer\"><\/div>\n\n\n\n<div style=\"height:80px\" aria-hidden=\"true\" class=\"wp-block-spacer\"><\/div>\n<\/div><\/div>\n\n\n\n<p><\/p>\n\n\n\n<h1 class=\"wp-block-heading has-text-align-center has-text-color\" style=\"color:#fd4907\">MISI\u00d3N<\/h1>\n\n\n\n<p>El <em>Consultorio Jur\u00eddico Virtual<\/em> busca consolidarse como una dependencia acad\u00e9mica de pr\u00e1ctica jur\u00eddica para los estudiantes de 9\u00b0 y 10\u00b0 semestre, permitiendo aplicar los conocimientos te\u00f3ricos impartidos en su formaci\u00f3n profesional con \u00a0base a la realidad social de la comunidad m\u00e1s vulnerable; \u00a0en el marco de la normatividad que regula las actividades de los consultorios jur\u00eddicos.<\/p>\n\n\n\n<h1 class=\"wp-block-heading has-text-align-center has-text-color\" style=\"color:#fd4907\">VISI\u00d3N<\/h1>\n\n\n\n<p class=\"has-text-align-center\">Para el 2026 el Consultorio Jur\u00eddico Virtual ser\u00e1 una dependencia l\u00edder en la prestaci\u00f3n de servicios de asesor\u00eda jur\u00eddica y representaci\u00f3n legal al servicio de la poblaci\u00f3n en estado de vulnerabilidad, colocando a la disponibilidad de la comunidad herramientas f\u00edsicas y tecnol\u00f3gicas y profesionales del derecho con alto grado de experiencia, as\u00ed como de los estudiantes destacados por sus cualidades acad\u00e9micas y altruistas de forma gratuita.<\/p>\n\n\n\n<div class=\"wp-block-columns is-layout-flex wp-container-core-columns-is-layout-1 wp-block-columns-is-layout-flex\">\n<div class=\"wp-block-column is-layout-flow wp-block-column-is-layout-flow\"><\/div>\n\n\n\n<div class=\"wp-block-column is-layout-flow wp-block-column-is-layout-flow\"><\/div>\n<\/div>\n\n\n\n<div class=\"wp-block-cover alignfull\" style=\"min-height:900px;aspect-ratio:unset;\"><span aria-hidden=\"true\" class=\"wp-block-cover__background has-nv-light-bg-background-color has-background-dim-100 has-background-dim\"><\/span><div class=\"wp-block-cover__inner-container is-layout-flow wp-block-cover-is-layout-flow\">\n<div class=\"wp-block-columns is-layout-flex wp-container-core-columns-is-layout-2 wp-block-columns-is-layout-flex\">\n<div class=\"wp-block-column is-vertically-aligned-center has-neve-text-color-color has-text-color is-layout-flow wp-block-column-is-layout-flow\"><div class=\"wp-block-image\">\n<figure class=\"aligncenter size-full is-resized\"><img loading=\"lazy\" decoding=\"async\" width=\"746\" height=\"151\" src=\"https:\/\/callcenterjuridico.ufpso.edu.co\/wp-content\/uploads\/2022\/11\/logo_gov.png\" alt=\"\" class=\"wp-image-4278\" style=\"width:136px;height:27px\" srcset=\"https:\/\/consultoriojuridicovirtual.ufpso.edu.co\/wp-content\/uploads\/2022\/11\/logo_gov.png 746w, https:\/\/consultoriojuridicovirtual.ufpso.edu.co\/wp-content\/uploads\/2022\/11\/logo_gov-300x61.png 300w\" sizes=\"auto, (max-width: 746px) 100vw, 746px\" \/><\/figure><\/div>\n\n\n<div style=\"height:28px\" aria-hidden=\"true\" class=\"wp-block-spacer\"><\/div>\n\n\n<div class=\"wp-block-image\">\n<figure class=\"aligncenter size-full is-resized\"><img loading=\"lazy\" decoding=\"async\" width=\"100\" height=\"95\" src=\"https:\/\/callcenterjuridico.ufpso.edu.co\/wp-content\/uploads\/2022\/11\/logo_CO.png\" alt=\"\" class=\"wp-image-4279\" style=\"width:55px;height:52px\"\/><\/figure><\/div>\n\n\n<div style=\"height:3px\" aria-hidden=\"true\" class=\"wp-block-spacer\"><\/div>\n\n\n\n<p class=\"has-text-align-center has-neve-text-color-color has-text-color has-small-font-size\"><strong>Atenci\u00f3n y servicios a la ciudadan\u00eda:<\/strong><br><a href=\"mailto:atencionalciudadano@ufpso.edu.co\">atencionalciudadano@ufpso.edu.co<\/a><br><strong>Notificaciones judiciales:<\/strong><br><a href=\"mailto:notificacionesjudiciales@ufpso.edu.co\">notificacionesjudiciales@ufpso.edu.co<\/a><\/p>\n<\/div>\n\n\n\n<div class=\"wp-block-column has-neve-text-color-color has-text-color is-layout-flow wp-block-column-is-layout-flow\">\n<p><\/p>\n\n\n\n<p><\/p>\n\n\n\n<p class=\"has-text-align-center\"><strong>L\u00edneas de contactos<\/strong><\/p>\n\n\n\n<p class=\"has-text-align-center has-neve-text-color-color has-text-color has-small-font-size\"><strong>PBX:<\/strong>&nbsp;(+57) 6075690088&nbsp;&nbsp;<br><strong>L\u00ednea gratuita nacional:<\/strong>&nbsp;018000121022<br><strong>Conmutador:<\/strong>&nbsp;Ext. 603<br><strong>Ventanilla \u00danica:<\/strong>&nbsp;Ext. 516<br><strong>Atenci\u00f3n al Ciudadano:<\/strong>&nbsp;Ext. 517<br><strong>Atenci\u00f3n PQRSDF:<\/strong>&nbsp;Ext. 506<br><strong>C\u00f3digo Postal:<\/strong>&nbsp;546552<\/p>\n\n\n<div class=\"wp-block-image\">\n<figure class=\"aligncenter size-full is-resized\"><img loading=\"lazy\" decoding=\"async\" width=\"410\" height=\"97\" src=\"https:\/\/callcenterjuridico.ufpso.edu.co\/wp-content\/uploads\/2022\/11\/LogoufpsoMen17.png\" alt=\"\" class=\"wp-image-4280\" style=\"width:226px;height:49px\" srcset=\"https:\/\/consultoriojuridicovirtual.ufpso.edu.co\/wp-content\/uploads\/2022\/11\/LogoufpsoMen17.png 410w, https:\/\/consultoriojuridicovirtual.ufpso.edu.co\/wp-content\/uploads\/2022\/11\/LogoufpsoMen17-300x71.png 300w\" sizes=\"auto, (max-width: 410px) 100vw, 410px\" \/><\/figure><\/div><\/div>\n\n\n\n<div class=\"wp-block-column is-layout-flow wp-block-column-is-layout-flow\">\n<p><\/p>\n\n\n\n<p><\/p>\n\n\n\n<p class=\"has-text-align-center has-neve-text-color-color has-text-color\"><strong>Sedes<\/strong><\/p>\n\n\n\n<p class=\"has-text-align-center has-neve-text-color-color has-text-color has-small-font-size\"><strong>El Algodonal:<\/strong>&nbsp;V\u00eda Acolsure, Oca\u00f1a (N.S) Colombia.<br><strong>La Primavera:<\/strong>&nbsp;Av. Francisco Fern\u00e1ndez de Contreras, Oca\u00f1a (N.S) Colombia.<br><strong>Escuela de Artes:&nbsp;<\/strong>Calle 10 No 13-64, Oca\u00f1a (N.S) Colombia.<br><strong>La Troya:<\/strong>&nbsp;Corregimiento de los \u00c1ngeles, Municipio de R\u00edo de oro (Cesar).<br><strong>Pueblo Nuevo:<\/strong>&nbsp;Corregimiento, Oca\u00f1a (N.S) Colombia.<\/p>\n<\/div>\n<\/div>\n\n\n\n<div class=\"wp-block-columns is-layout-flex wp-container-core-columns-is-layout-4 wp-block-columns-is-layout-flex\">\n<div class=\"wp-block-column is-layout-flow wp-block-column-is-layout-flow\">\n<div class=\"wp-block-columns is-layout-flex wp-container-core-columns-is-layout-3 wp-block-columns-is-layout-flex\"><\/div>\n<\/div>\n<\/div>\n\n\n\n<p class=\"has-text-align-center has-neve-text-color-color has-text-color has-small-font-size\"><strong>                                          Universidad Francisco de Paula Santander Seccional Oca\u00f1a<\/strong><\/p>\n\n\n\n<p class=\"has-text-align-center has-neve-text-color-color has-text-color has-small-font-size\">                                               Instituci\u00f3n de Educaci\u00f3n Superior sujeta a inspecci\u00f3n y vigilancia<br>                                         por el Ministerio de Educaci\u00f3n Nacional<\/p>\n\n\n\n<h6 class=\"wp-block-heading has-text-align-center has-neve-text-color-color has-text-color\">                                      \u00a9 2022.<\/h6>\n<\/div><\/div>\n","protected":false},"excerpt":{"rendered":"<p>MISI\u00d3N El Consultorio Jur\u00eddico Virtual busca consolidarse como una dependencia acad\u00e9mica de pr\u00e1ctica jur\u00eddica para los estudiantes de 9\u00b0 y 10\u00b0 semestre, permitiendo aplicar los conocimientos te\u00f3ricos impartidos en su formaci\u00f3n profesional con \u00a0base a la realidad social de la comunidad m\u00e1s vulnerable; \u00a0en el marco de la normatividad que regula las actividades de los&hellip;&nbsp;<a href=\"https:\/\/consultoriojuridicovirtual.ufpso.edu.co\/\" class=\"\" rel=\"bookmark\">Leer m\u00e1s &raquo;<span class=\"screen-reader-text\">Inicio<\/span><\/a><\/p>\n","protected":false},"author":1,"featured_media":0,"parent":0,"menu_order":0,"comment_status":"closed","ping_status":"closed","template":"","meta":{"neve_meta_sidebar":"default","neve_meta_container":"default","neve_meta_enable_content_width":"on","neve_meta_content_width":100,"neve_meta_title_alignment":"","neve_meta_author_avatar":"","neve_post_elements_order":"","neve_meta_disable_header":"","neve_meta_disable_footer":"","neve_meta_disable_title":"on","footnotes":""},"class_list":["post-3892","page","type-page","status-publish","hentry"],"_links":{"self":[{"href":"https:\/\/consultoriojuridicovirtual.ufpso.edu.co\/index.php?rest_route=\/wp\/v2\/pages\/3892","targetHints":{"allow":["GET"]}}],"collection":[{"href":"https:\/\/consultoriojuridicovirtual.ufpso.edu.co\/index.php?rest_route=\/wp\/v2\/pages"}],"about":[{"href":"https:\/\/consultoriojuridicovirtual.ufpso.edu.co\/index.php?rest_route=\/wp\/v2\/types\/page"}],"author":[{"embeddable":true,"href":"https:\/\/consultoriojuridicovirtual.ufpso.edu.co\/index.php?rest_route=\/wp\/v2\/users\/1"}],"replies":[{"embeddable":true,"href":"https:\/\/consultoriojuridicovirtual.ufpso.edu.co\/index.php?rest_route=%2Fwp%2Fv2%2Fcomments&post=3892"}],"version-history":[{"count":47,"href":"https:\/\/consultoriojuridicovirtual.ufpso.edu.co\/index.php?rest_route=\/wp\/v2\/pages\/3892\/revisions"}],"predecessor-version":[{"id":4426,"href":"https:\/\/consultoriojuridicovirtual.ufpso.edu.co\/index.php?rest_route=\/wp\/v2\/pages\/3892\/revisions\/4426"}],"wp:attachment":[{"href":"https:\/\/consultoriojuridicovirtual.ufpso.edu.co\/index.php?rest_route=%2Fwp%2Fv2%2Fmedia&parent=3892"}],"curies":[{"name":"wp","href":"https:\/\/api.w.org\/{rel}","templated":true}]}}